{"id":75,"date":"2020-01-27T08:29:32","date_gmt":"2020-01-27T05:29:32","guid":{"rendered":"https:\/\/demosites.io\/web-agency-gb\/?page_id=75"},"modified":"2024-01-08T11:14:47","modified_gmt":"2024-01-08T08:14:47","slug":"15c42-web-agency-gb-contact-us","status":"publish","type":"page","link":"https:\/\/lojistikdergisi.org\/?page_id=75","title":{"rendered":"\u0130LET\u0130\u015e\u0130M"},"content":{"rendered":"\n<p style=\"font-size:72px\"><strong>\u0130LET\u0130\u015e\u0130M<\/strong><\/p>\n\n\n\n<p>Lojistik Dergisi\u2019ne <a href=\"info@lojistikdergisi.org\" data-type=\"URL\" data-id=\"info@lojistikdergisi.org\" target=\"_blank\" rel=\"noreferrer noopener\">info@lojistikdergisi.org<\/a>\u00a0adresinden ula\u015fabilirsiniz.<\/p>\n","protected":false},"excerpt":{"rendered":"<p>\u0130LET\u0130\u015e\u0130M Lojistik Dergisi\u2019ne info@lojistikdergisi.org\u00a0adresinden ula\u015fabilirsiniz.<\/p>\n","protected":false},"author":1,"featured_media":0,"parent":0,"menu_order":0,"comment_status":"closed","ping_status":"closed","template":"","meta":{"neve_meta_sidebar":"default","neve_meta_container":"","neve_meta_enable_content_width":"on","neve_meta_content_width":100,"neve_meta_title_alignment":"","neve_meta_author_avatar":"","neve_post_elements_order":"","neve_meta_disable_header":"","neve_meta_disable_footer":"","neve_meta_disable_title":"on","_ti_tpc_template_sync":false,"_ti_tpc_template_id":"zuvhy18wufi8o2qqt4z7"},"_links":{"self":[{"href":"https:\/\/lojistikdergisi.org\/index.php?rest_route=\/wp\/v2\/pages\/75"}],"collection":[{"href":"https:\/\/lojistikdergisi.org\/index.php?rest_route=\/wp\/v2\/pages"}],"about":[{"href":"https:\/\/lojistikdergisi.org\/index.php?rest_route=\/wp\/v2\/types\/page"}],"author":[{"embeddable":true,"href":"https:\/\/lojistikdergisi.org\/index.php?rest_route=\/wp\/v2\/users\/1"}],"replies":[{"embeddable":true,"href":"https:\/\/lojistikdergisi.org\/index.php?rest_route=%2Fwp%2Fv2%2Fcomments&post=75"}],"version-history":[{"count":6,"href":"https:\/\/lojistikdergisi.org\/index.php?rest_route=\/wp\/v2\/pages\/75\/revisions"}],"predecessor-version":[{"id":516,"href":"https:\/\/lojistikdergisi.org\/index.php?rest_route=\/wp\/v2\/pages\/75\/revisions\/516"}],"wp:attachment":[{"href":"https:\/\/lojistikdergisi.org\/index.php?rest_route=%2Fwp%2Fv2%2Fmedia&parent=75"}],"curies":[{"name":"wp","href":"https:\/\/api.w.org\/{rel}","templated":true}]}}