{"id":61,"date":"2020-01-23T18:21:52","date_gmt":"2020-01-23T15:21:52","guid":{"rendered":"https:\/\/demosites.io\/web-agency-gb\/?page_id=61"},"modified":"2025-03-12T13:58:36","modified_gmt":"2025-03-12T10:58:36","slug":"15c42-web-agency-gb-about-us","status":"publish","type":"page","link":"https:\/\/lojistikdergisi.org\/?page_id=61","title":{"rendered":"YAYIN KURULU"},"content":{"rendered":"\n<p style=\"font-size:72px\"> <strong>YAYIN KURULU<\/strong><\/p>\n\n\n\n<p><strong>Edit\u00f6r<\/strong><\/p>\n\n\n\n<p>Prof. Dr. G\u00fcl\u00e7in B\u00dcY\u00dcK\u00d6ZKAN (LODER Y\u00f6netim Kurulu Ba\u015fkan\u0131)<\/p>\n\n\n\n<p><\/p>\n\n\n\n<p><strong>Yay\u0131n Kurulu<\/strong><\/p>\n\n\n\n<p>Prof. Dr. A. Zafer ACAR (\u0130stanbul Bilgi \u00dcniversitesi)<\/p>\n\n\n\n<p>Prof. Dr. Birdo\u011fan BAK\u0130 (Karadeniz Teknik \u00dcniversitesi)<\/p>\n\n\n\n<p>Prof. Dr. Adil BAYKASO\u011eLU (Dokuz Eyl\u00fcl \u00dcniversitesi)<\/p>\n\n\n\n<p>Prof. Dr. G\u00fcl\u00e7in B\u00dcY\u00dcK\u00d6ZKAN (Galatasaray \u00dcniversitesi)<\/p>\n\n\n\n<p>Prof. Dr. Orhan FEYZ\u0130O\u011eLU (Galatasaray \u00dcniversitesi)<\/p>\n\n\n\n<p>Prof. Dr. Elif KONGAR (New Haven \u00dcniversitesi)<\/p>\n\n\n\n<p>Prof. Dr. \u0130skender PEKER (G\u00fcm\u00fc\u015fhane \u00dcniversitesi)<\/p>\n\n\n\n<p>Prof. Dr. Mehmet TANYA\u015e (Maltepe \u00dcniversitesi)<\/p>\n\n\n\n<p>Prof. Dr. Okan TUNA (Dokuz Eyl\u00fcl \u00dcniversitesi)<\/p>\n\n\n\n<p>Prof.Dr. Umut R\u0131fat TUZKAYA (Y\u0131ld\u0131z Teknik \u00dcniversitesi)<\/p>\n\n\n\n<p>Prof. Dr. F\u00fcsun \u00dcLENG\u0130N (Sabanc\u0131 \u00dcniversitesi)<\/p>\n","protected":false},"excerpt":{"rendered":"<p>YAYIN KURULU Edit\u00f6r Prof. Dr. G\u00fcl\u00e7in B\u00dcY\u00dcK\u00d6ZKAN (LODER Y\u00f6netim Kurulu Ba\u015fkan\u0131) Yay\u0131n Kurulu Prof. Dr. A. Zafer ACAR (\u0130stanbul Bilgi \u00dcniversitesi) Prof. Dr. Birdo\u011fan BAK\u0130 (Karadeniz Teknik \u00dcniversitesi) Prof. Dr. Adil BAYKASO\u011eLU (Dokuz Eyl\u00fcl \u00dcniversitesi) Prof. Dr. G\u00fcl\u00e7in B\u00dcY\u00dcK\u00d6ZKAN (Galatasaray \u00dcniversitesi) Prof. Dr. Orhan FEYZ\u0130O\u011eLU (Galatasaray \u00dcniversitesi) Prof. Dr. Elif KONGAR (New Haven \u00dcniversitesi) Prof.&hellip;&nbsp;<a href=\"https:\/\/lojistikdergisi.org\/?page_id=61\" class=\"\" rel=\"bookmark\">Daha fazlas\u0131n\u0131 oku &raquo;<span class=\"screen-reader-text\">YAYIN KURULU<\/span><\/a><\/p>\n","protected":false},"author":1,"featured_media":0,"parent":0,"menu_order":0,"comment_status":"closed","ping_status":"closed","template":"","meta":{"neve_meta_sidebar":"default","neve_meta_container":"default","neve_meta_enable_content_width":"on","neve_meta_content_width":100,"neve_meta_title_alignment":"","neve_meta_author_avatar":"","neve_post_elements_order":"","neve_meta_disable_header":"","neve_meta_disable_footer":"","neve_meta_disable_title":"on","_ti_tpc_template_sync":false,"_ti_tpc_template_id":"0qhau2t6eoekosrgo1a2"},"_links":{"self":[{"href":"https:\/\/lojistikdergisi.org\/index.php?rest_route=\/wp\/v2\/pages\/61"}],"collection":[{"href":"https:\/\/lojistikdergisi.org\/index.php?rest_route=\/wp\/v2\/pages"}],"about":[{"href":"https:\/\/lojistikdergisi.org\/index.php?rest_route=\/wp\/v2\/types\/page"}],"author":[{"embeddable":true,"href":"https:\/\/lojistikdergisi.org\/index.php?rest_route=\/wp\/v2\/users\/1"}],"replies":[{"embeddable":true,"href":"https:\/\/lojistikdergisi.org\/index.php?rest_route=%2Fwp%2Fv2%2Fcomments&post=61"}],"version-history":[{"count":7,"href":"https:\/\/lojistikdergisi.org\/index.php?rest_route=\/wp\/v2\/pages\/61\/revisions"}],"predecessor-version":[{"id":542,"href":"https:\/\/lojistikdergisi.org\/index.php?rest_route=\/wp\/v2\/pages\/61\/revisions\/542"}],"wp:attachment":[{"href":"https:\/\/lojistikdergisi.org\/index.php?rest_route=%2Fwp%2Fv2%2Fmedia&parent=61"}],"curies":[{"name":"wp","href":"https:\/\/api.w.org\/{rel}","templated":true}]}}