{"id":468,"date":"2022-12-20T14:48:40","date_gmt":"2022-12-20T11:48:40","guid":{"rendered":"https:\/\/lojistikdergisi.org\/?page_id=468"},"modified":"2024-01-08T11:09:59","modified_gmt":"2024-01-08T08:09:59","slug":"hakemlik-ve-degerlendirme-sureci","status":"publish","type":"page","link":"https:\/\/lojistikdergisi.org\/?page_id=468","title":{"rendered":"HAKEML\u0130K VE DE\u011eERLEND\u0130RME S\u00dcREC\u0130"},"content":{"rendered":"\n<p><strong>K\u00d6R HAKEML\u0130K VE DE\u011eERLEND\u0130RME S\u00dcREC\u0130<\/strong><\/p>\n\n\n\n<ul>\n<li>Makaleler, <a href=\"info@lojistikdergisi.org\" data-type=\"URL\" data-id=\"info@lojistikdergisi.org\" target=\"_blank\" rel=\"noreferrer noopener\">info@lojistikdergisi.org<\/a> mail adresi \u00fczerinden al\u0131nmaktad\u0131r.<\/li>\n\n\n\n<li>Makalenin al\u0131nd\u0131\u011f\u0131na dair bilgi sistem taraf\u0131ndan yazarlar ile payla\u015f\u0131l\u0131r.<\/li>\n\n\n\n<li>Dergi edit\u00f6rl\u00fc\u011f\u00fc makalenin dergi alan\u0131na uyumlulu\u011fu, yaz\u0131m\u0131 ve \u015fekil \u015fartlar\u0131n\u0131n \u00f6n kontrol\u00fcn\u00fc yapar.<\/li>\n\n\n\n<li>Dergiye g\u00f6nderilen yaz\u0131lar\u0131n \u2018Yaz\u0131m Kurallar\u0131\u2019na ve dergi alan disiplinine uygun olmas\u0131 gerekir. Esaslara uygunluk g\u00f6stermeyen yaz\u0131lar de\u011ferlendirmeye al\u0131nmadan yeniden d\u00fczenlenmesi i\u00e7in yazar\/lar\/a iade edilir.<\/li>\n\n\n\n<li>Makale \u015fekilsel a\u00e7\u0131dan uygun ise \u00f6n kontrol s\u00fcreci tamamlan\u0131r.<\/li>\n\n\n\n<li>Edit\u00f6r taraf\u0131ndan yay\u0131n kurulunda yer alan an az 2 hakem makaleyi de\u011ferlendirmek \u00fczere atan\u0131r.<\/li>\n\n\n\n<li>Makale, Edit\u00f6r taraf\u0131ndan, konu ile ilgili hakemlere aktar\u0131l\u0131r. Dergide \u00c7ift K\u00f6rleme uygulan\u0131r. Makaleleri de\u011ferlendiren hakemlerin isimleri yazarlara bildirilmez. Ayn\u0131 \u015fekilde yazarlar\u0131n isimleri de hakemlere bildirilmez.<\/li>\n\n\n\n<li>Hakemler, eserin, bilimsel a\u00e7\u0131dan genel bir de\u011ferlendirmesini yapar, bilimsel ve ara\u015ft\u0131rma a\u00e7\u0131s\u0131ndan yeterli olmayan makalenin reddedilmesini \u00f6nerir. Edit\u00f6r ret karar\u0131n\u0131 yazara bildirir.<\/li>\n\n\n\n<li>Hakemlerin makaleyi de\u011ferlendirmesi i\u00e7in 30 g\u00fcn s\u00fcre verilmi\u015ftir. Hakem makaleyi de\u011ferlendirir ve \u201cHakem De\u011ferlendirme Formu\u201dnu doldurarak iletir. Bu s\u00fcrede de\u011ferlendirme yap\u0131lmamas\u0131 halinde edit\u00f6r taraf\u0131ndan yeni bir hakem atan\u0131r.<\/li>\n\n\n\n<li>Hakemlerin g\u00f6r\u00fc\u015fleri dikkate al\u0131narak, Edit\u00f6r makale i\u00e7in \u201cKabul\u201d veya (min\u00f6r veya maj\u00f6r) \u201cD\u00fczeltme\u201d veya \u201cRet\u201d karar\u0131 verir ve makale de\u011ferlendirme sonu\u00e7 bilgisini yazarlar ile payla\u015f\u0131r.<\/li>\n\n\n\n<li>Hakemler taraf\u0131ndan makalede d\u00fczeltme ve geli\u015ftirmelerin talep edilmesi halinde, Edit\u00f6r taraf\u0131ndan, makale d\u00fczeltme s\u00fcreci ba\u015flat\u0131l\u0131r. Eksikliklerin tamam\u0131n\u0131n yer ald\u0131\u011f\u0131 bir dosya veya her hakemin d\u00fczeltme dosyas\u0131 yazara g\u00f6nderilir.<\/li>\n\n\n\n<li>Yazar, 10 g\u00fcn i\u00e7inde makalede gerekli de\u011fi\u015fiklik ve geli\u015ftirmeleri yapar.<\/li>\n\n\n\n<li>D\u00fczeltilmi\u015f makale dosyas\u0131 ad\u0131n\u0131n sonuna, ilk d\u00fczeltme i\u00e7in -R1, ikinci d\u00fczeltme i\u00e7in \u2013R2 eki eklenmelidir.<\/li>\n\n\n\n<li>Hakemlerin \u00e7o\u011funlu\u011fu taraf\u0131ndan reddedilen makale, Edit\u00f6r taraf\u0131ndan reddedilir. Ret karar\u0131 yazara bildirilir.<\/li>\n\n\n\n<li>Makalenin en az iki hakem taraf\u0131ndan kabul bulunmas\u0131 halinde, Edit\u00f6r, de\u011ferlendirme s\u00fcrecini bitirir ve yay\u0131na haz\u0131rl\u0131k s\u00fcrecini ba\u015flat\u0131r. Mizampaj sekreteri, makaleyi dergide bas\u0131labilir hale getirmek i\u00e7in gerekli d\u00fczenlemeleri yapar.<\/li>\n\n\n\n<li>Bu esnada, makale kabul ald\u0131\u011f\u0131 i\u00e7in, geri \u00e7ekilemez.<\/li>\n\n\n\n<li>Yay\u0131n ilkeleri do\u011frultusunda, Yay\u0131n Kurulu taraf\u0131ndan makalenin hangi say\u0131da yay\u0131mlanaca\u011f\u0131 kararla\u015ft\u0131r\u0131l\u0131r. Yay\u0131n Kurulu hakemlerden gelen ele\u015ftiriler do\u011frultusunda yaz\u0131n\u0131n derginin ba\u015fka bir say\u0131s\u0131nda yay\u0131mlanmas\u0131n\u0131n uygun oldu\u011funa karar verebilir ve bu karar\u0131 yazar\/lar\/\u0131n onay\u0131na sunar. Yazar\/lar\/\u0131n da uygun g\u00f6rmesi durumunda, yaz\u0131 \u00f6nerilen say\u0131da yay\u0131mlan\u0131r.<\/li>\n\n\n\n<li>Yay\u0131mlanan yaz\u0131lar i\u00e7in yazar\/lar\/a ve de\u011ferlendirme yapan hakemlere derginin o say\u0131s\u0131ndan birer kopya g\u00f6nderilir ve dergi web sayfas\u0131nda ar\u015fiv sekmesine y\u00fcklenir.<\/li>\n<\/ul>\n\n\n\n<p><\/p>\n","protected":false},"excerpt":{"rendered":"<p>K\u00d6R HAKEML\u0130K VE DE\u011eERLEND\u0130RME S\u00dcREC\u0130<\/p>\n","protected":false},"author":1,"featured_media":0,"parent":0,"menu_order":0,"comment_status":"closed","ping_status":"closed","template":"","meta":{"neve_meta_sidebar":"full-width","neve_meta_container":"","neve_meta_enable_content_width":"on","neve_meta_content_width":100,"neve_meta_title_alignment":"","neve_meta_author_avatar":"","neve_post_elements_order":"","neve_meta_disable_header":"","neve_meta_disable_footer":"","neve_meta_disable_title":"","_ti_tpc_template_sync":false,"_ti_tpc_template_id":""},"_links":{"self":[{"href":"https:\/\/lojistikdergisi.org\/index.php?rest_route=\/wp\/v2\/pages\/468"}],"collection":[{"href":"https:\/\/lojistikdergisi.org\/index.php?rest_route=\/wp\/v2\/pages"}],"about":[{"href":"https:\/\/lojistikdergisi.org\/index.php?rest_route=\/wp\/v2\/types\/page"}],"author":[{"embeddable":true,"href":"https:\/\/lojistikdergisi.org\/index.php?rest_route=\/wp\/v2\/users\/1"}],"replies":[{"embeddable":true,"href":"https:\/\/lojistikdergisi.org\/index.php?rest_route=%2Fwp%2Fv2%2Fcomments&post=468"}],"version-history":[{"count":4,"href":"https:\/\/lojistikdergisi.org\/index.php?rest_route=\/wp\/v2\/pages\/468\/revisions"}],"predecessor-version":[{"id":515,"href":"https:\/\/lojistikdergisi.org\/index.php?rest_route=\/wp\/v2\/pages\/468\/revisions\/515"}],"wp:attachment":[{"href":"https:\/\/lojistikdergisi.org\/index.php?rest_route=%2Fwp%2Fv2%2Fmedia&parent=468"}],"curies":[{"name":"wp","href":"https:\/\/api.w.org\/{rel}","templated":true}]}}