{"id":435,"date":"2021-12-29T18:15:42","date_gmt":"2021-12-29T15:15:42","guid":{"rendered":"https:\/\/lojistikdergisi.org\/?page_id=435"},"modified":"2021-12-29T18:15:43","modified_gmt":"2021-12-29T15:15:43","slug":"makale-format-ornegi","status":"publish","type":"page","link":"https:\/\/lojistikdergisi.org\/?page_id=435","title":{"rendered":"MAKALE FORMAT \u00d6RNE\u011e\u0130"},"content":{"rendered":"\n<p><strong>MAKALE YAZIM FORMATI (MAKALE BA\u015eLI\u011eINI BURAYA YAZINIZ) <\/strong><strong>Birinci Yazar<\/strong><strong><sup>1<\/sup><\/strong><strong>, \u0130kinci Yazar<\/strong><strong><sup>2<\/sup><\/strong><strong>&nbsp;<\/strong><\/p>\n\n\n\n<p><sup>1<\/sup>\u00dcniversite veya Kurum \u0130smi, B\u00f6l\u00fcm \u0130smi, \u015eehir, e-posta&nbsp;&nbsp;<\/p>\n\n\n\n<p>Yazar ORCID numaras\u0131&nbsp;&nbsp;<\/p>\n\n\n\n<p><sup>2<\/sup>\u00dcniversite veya Kurum \u0130smi, B\u00f6l\u00fcm \u0130smi, \u015eehir, e-posta&nbsp;&nbsp;<\/p>\n\n\n\n<p>Yazar ORCID numaras\u0131&nbsp;&nbsp;<\/p>\n\n\n\n<p><strong>\u00d6ZET&nbsp;&nbsp;<\/strong><\/p>\n\n\n\n<p><em>Makalenin T\u00fcrk\u00e7e \u00f6zeti 150 kelimeyi ge\u00e7meyecek \u015fekilde, Times New Roman yaz\u0131 format\u0131nda 10 punto ve italik olarak&nbsp; yaz\u0131lacakt\u0131r. \u00d6zette \u00e7al\u0131\u015fman\u0131n amac\u0131, \u00f6nemi verilmeli, ele al\u0131nan problem tan\u0131mlanmal\u0131 ve \u00e7\u00f6z\u00fcm i\u00e7in kullan\u0131lan y\u00f6ntem&nbsp; belirtilmelidir. Bu b\u00f6l\u00fcm\u00fcn ana ba\u015fl\u0131\u011f\u0131 (<\/em><strong><em>\u00d6ZET<\/em><\/strong><em>), 10 punto, koyu ve b\u00fcy\u00fck harfler kullan\u0131larak yaz\u0131lacakt\u0131r. Makalenin&nbsp; T\u00fcrk\u00e7e ba\u015fl\u0131\u011f\u0131 12 punto, koyu ve b\u00fcy\u00fck harfler ile ortalanarak ve \u00f6ncesinde 1,5 sat\u0131r aral\u0131\u011f\u0131 bo\u015fluk b\u0131rak\u0131larak&nbsp; yaz\u0131lacakt\u0131r.&nbsp;&nbsp;<\/em><\/p>\n\n\n\n<p><strong>Anahtar Kelimeler: <\/strong>Yap\u0131lan \u00e7al\u0131\u015fma ile ilgili en az \u00fc\u00e7, en fazla be\u015f adet anahtar kelime veya kelime grubu alfabetik&nbsp; s\u0131rayla, 10 punto yaz\u0131 b\u00fcy\u00fckl\u00fc\u011f\u00fcnde, ilk harfleri b\u00fcy\u00fck ve birbirlerinden virg\u00fclle ayr\u0131larak yaz\u0131lmal\u0131d\u0131r.&nbsp;&nbsp;<\/p>\n\n\n\n<p><strong>MAKALEN\u0130N \u0130NG\u0130L\u0130ZCE BA\u015eLI\u011eINI BURAYA YAZINIZ&nbsp;&nbsp;<\/strong><\/p>\n\n\n\n<p><strong>ABSTRACT&nbsp;&nbsp;<\/strong><\/p>\n\n\n\n<p><em>Bu b\u00f6l\u00fcm\u00fcn ana ba\u015fl\u0131\u011f\u0131 (<\/em><strong><em>ABSTRACT<\/em><\/strong><em>), 10 punto, koyu ve b\u00fcy\u00fck harfler kullan\u0131larak yaz\u0131lacakt\u0131r. Makalenin \u0130ngilizce&nbsp; ba\u015fl\u0131\u011f\u0131 ise 12 punto, koyu ve b\u00fcy\u00fck harfler ile ortalanarak yaz\u0131lacakt\u0131r.&nbsp;&nbsp;<\/em><\/p>\n\n\n\n<p><strong>Keywords: <\/strong>Bu b\u00f6l\u00fcmde \u00e7al\u0131\u015fmaya ili\u015fkin anahtar kelimelerin \u0130ngilizce kar\u015f\u0131l\u0131klar\u0131 10 punto yaz\u0131 b\u00fcy\u00fckl\u00fc\u011f\u00fcnde yer&nbsp; alacakt\u0131r.&nbsp;&nbsp;<\/p>\n\n\n\n<p><strong>1. G\u0130R\u0130\u015e ve ANA B\u00d6L\u00dcMLER&nbsp;&nbsp;<\/strong><\/p>\n\n\n\n<p>Bu \u015fablon, yazarlara Makalelerinin elektronik s\u00fcr\u00fcmlerini haz\u0131rlamalar\u0131 i\u00e7in gerekli d\u00fczenleme \u015fartlar\u0131n\u0131n \u00e7o\u011funu&nbsp; i\u00e7ermektedir. Bu \u015fablonda belirtilen yaz\u0131m standartlar\u0131n\u0131n kullan\u0131lmas\u0131 ile yazarlar\u0131n Makalelerini kolayl\u0131kla&nbsp; haz\u0131rlamalar\u0131 hedeflenmi\u015ftir. Kenar bo\u015fluklar\u0131, sat\u0131r aral\u0131klar\u0131 ve kullan\u0131lacak yaz\u0131m stilleri bu \u015fablona eklenmi\u015f ve t\u00fcm&nbsp; dok\u00fcman i\u00e7inde g\u00f6m\u00fcl\u00fc olarak \u00f6rneklerle a\u00e7\u0131klanm\u0131\u015ft\u0131r. L\u00fctfen bu \u015fablonda belirtilen stilleri, yaz\u0131 tiplerini ve&nbsp; b\u00fcy\u00fckl\u00fckl\u00fclerini kullan\u0131n\u0131z, bunlar\u0131 de\u011fi\u015ftirmeye veya yeniden tan\u0131mlamaya \u00e7al\u0131\u015fmay\u0131n\u0131z.&nbsp;&nbsp;<\/p>\n\n\n\n<p>Makale metni i\u00e7in \u00f6nemli yaz\u0131m \u00f6zellikleri a\u015fa\u011f\u0131da verilmektedir:&nbsp;&nbsp;<\/p>\n\n\n\n<p>\u2219 Makalenin bu b\u00f6l\u00fcmleri ana metni olu\u015fturmaktad\u0131r. Makalenin konusuna ili\u015fkin yaz\u0131lacaklar bu b\u00f6l\u00fcmde ele&nbsp; al\u0131nacakt\u0131r.&nbsp;&nbsp;<\/p>\n\n\n\n<p>\u2219 Makale ana metni Times New Roman yaz\u0131 fontu kullan\u0131larak, tek sat\u0131r aral\u0131\u011f\u0131yla ve 10 punto yaz\u0131 b\u00fcy\u00fckl\u00fc\u011f\u00fcnde&nbsp; yaz\u0131lacakt\u0131r.&nbsp;&nbsp;<\/p>\n\n\n\n<p>\u2219 Makale metninin tamam\u0131nda ana ba\u015fl\u0131k ve alt ba\u015fl\u0131klardan \u00f6nce ve paragraf aralar\u0131nda bir sat\u0131r bo\u015fluk&nbsp; b\u0131rak\u0131lacakt\u0131r. Paragraf girintisi kullan\u0131lmayacakt\u0131r.&nbsp;&nbsp;<\/p>\n\n\n\n<p>\u2219 Ana ba\u015fl\u0131klar 12 punto, koyu ve b\u00fcy\u00fck harfler ile 1,5 sat\u0131r aral\u0131\u011f\u0131nda yaz\u0131lacakt\u0131r.&nbsp;&nbsp;<\/p>\n\n\n\n<p>\u2219 Makaleler, A4 format\u0131nda, t\u00fcm sayfalarda \u00fcstten 2,5 cm, sa\u011fdan 2 cm, soldan 2 cm ve alttan 2 cm bo\u015fluk&nbsp; b\u0131rak\u0131larak yaz\u0131lacakt\u0131r.&nbsp;&nbsp;<\/p>\n\n\n\n<p>\u2219 Sat\u0131r sonlar\u0131 sa\u011fa dayal\u0131 olarak bitirilecek (iki yana yasl\u0131) ve heceler b\u00f6l\u00fcnmeyecektir.&nbsp; \u2219 Makalenin toplam sayfa say\u0131s\u0131 10\u2019u ge\u00e7memelidir.&nbsp;&nbsp;<\/p>\n\n\n\n<p>\u2219 Makale ana metninde t\u00fcm sat\u0131rlar \u00e7ift yana dayal\u0131 olarak ba\u015flayacak ve maddelemeler d\u0131\u015f\u0131nda girinti&nbsp; olmayacakt\u0131r.&nbsp;<\/p>\n\n\n\n<p><strong>1.1. Alt Ba\u015fl\u0131klar&nbsp;&nbsp;<\/strong><\/p>\n\n\n\n<p>Makalenin alt ba\u015fl\u0131klar\u0131nda ana metnin ilgili konular\u0131 yer almaktad\u0131r. Alt ba\u015fl\u0131klar 12 punto, koyu, sadece ba\u015f harfleri&nbsp; b\u00fcy\u00fck harflerle ve 1,5 sat\u0131r aral\u0131\u011f\u0131nda yaz\u0131lacakt\u0131r. Alt ba\u015fl\u0131klardan \u00f6nce ve paragraflar aras\u0131nda bir sat\u0131r bo\u015fluk&nbsp; b\u0131rak\u0131lacakt\u0131r. Paragraf girintisi kullan\u0131lmayacakt\u0131r.&nbsp;&nbsp;<\/p>\n\n\n\n<p><strong>1.2. \u015eekiller ve Tablolar&nbsp;&nbsp;<\/strong><\/p>\n\n\n\n<p>\u015eekiller, Makale metni i\u00e7inde siyah beyaz bas\u0131ma uygun \u00e7\u00f6z\u00fcn\u00fcrl\u00fckte kullan\u0131lacakt\u0131r. \u015eekil ve tablolar\u0131n her biri 1&#8217;den&nbsp; ba\u015flayarak artan s\u0131rada numaraland\u0131r\u0131lacakt\u0131r. \u015eekil ve tablolardan \u00f6nce metin i\u00e7inde ilgili \u015fekil ve tabloya at\u0131fta&nbsp; bulunulacakt\u0131r. \u015eekil numaras\u0131 ve ad\u0131, ilgili \u015feklin alt\u0131nda, tablo numaras\u0131 ve ad\u0131 ise ilgili tablonun \u00fcst\u00fcnde olacak bi\u00e7imde yerle\u015ftirilecek ve \u00f6rnekte belirtildi\u011fi gibi a\u00e7\u0131klanacakt\u0131r (Tablo 1: \u00d6rnek Tablo Ad\u0131, \u015eekil 1: \u00d6rnek \u015eekil Ad\u0131). \u015eekil ve&nbsp; tablo numaras\u0131 koyu yaz\u0131lacakt\u0131r.&nbsp;&nbsp;<\/p>\n\n\n\n<p>\u015eekiller ve tablolar m\u00fcmk\u00fcn oldu\u011funca metin i\u00e7inde bahsedildi\u011fi yere yak\u0131n yerle\u015ftirilecektir. \u015eekillerin ve tablolar\u0131n&nbsp; b\u00fcy\u00fckl\u00fc\u011f\u00fc sayfa s\u0131n\u0131rlar\u0131n\u0131 a\u015fmayacakt\u0131r. \u015eekil ve tablo isimlerinin yaz\u0131 b\u00fcy\u00fckl\u00fc\u011f\u00fc 10 punto olacak ve 1,5 sat\u0131r aral\u0131\u011f\u0131&nbsp; kullan\u0131lacakt\u0131r. \u015eekil, tablo ve a\u00e7\u0131klamalar\u0131 metin i\u00e7inde ortalanarak yerle\u015ftirilmelidir.&nbsp;&nbsp;<\/p>\n\n\n\n<p><strong>Tablo 1: <\/strong>Tablo A\u00e7\u0131klamas\u0131&nbsp;&nbsp;<\/p>\n\n\n\n<figure class=\"wp-block-table\"><table><tbody><tr><td><strong>B\u00f6l\u00fcmler&nbsp;<\/strong><\/td><td>Makale&nbsp;&nbsp;Ba\u015fl\u0131\u011f\u0131&nbsp;<\/td><td>Ana B\u00f6l\u00fcm&nbsp;&nbsp;Ba\u015fl\u0131\u011f\u0131&nbsp;<\/td><td>\u0130ngilizce Makale&nbsp;&nbsp;Ba\u015fl\u0131\u011f\u0131&nbsp;<\/td><td>Ana B\u00f6l\u00fcm&nbsp;<\/td><\/tr><tr><td><strong>Yaz\u0131 B\u00fcy\u00fckl\u00fc\u011f\u00fc&nbsp;&nbsp;<\/strong><strong>(Punto)&nbsp;<\/strong><\/td><td>12&nbsp;<\/td><td>12&nbsp;<\/td><td>12&nbsp;<\/td><td>10&nbsp;<\/td><\/tr><\/tbody><\/table><\/figure>\n\n\n\n<figure class=\"wp-block-image\"><img decoding=\"async\" src=\"https:\/\/lh6.googleusercontent.com\/SZM4ovLtsi4sApCRiyYt9TYAeYWnkdPB9Lfa0uxyjSEgYvcMPsGXtTledyrDWc5SLQap5YOdPmyaVuSjjKzuppuHxdrTx0G_5GrkBDgXqtDXfmqPaorzEJmxsIMmsdqF8FeeHk5I\" alt=\"\"\/><\/figure>\n\n\n\n<p><strong>\u015eekil 1<\/strong>: \u015eekle \u0130li\u015fkin A\u00e7\u0131klama&nbsp;&nbsp;<\/p>\n\n\n\n<p><strong>1.3. Denklemler&nbsp;<\/strong><\/p>\n\n\n\n<p>Makale metni i\u00e7erisinde kullan\u0131lacak olan denklemler ana metin yaz\u0131s\u0131 ile ayn\u0131 boyutlarda olmal\u0131d\u0131r. Denklemler 1\u2019den&nbsp; ba\u015flayarak artan s\u0131ra numaras\u0131na g\u00f6re s\u0131ralanmal\u0131d\u0131r. Denklemler ortalanarak yerle\u015ftirilmeli, denklem numaras\u0131&nbsp; denklemin yan\u0131na sa\u011fa dayal\u0131 olarak yaz\u0131lmal\u0131d\u0131r.&nbsp;&nbsp;<\/p>\n\n\n\n<p><em>Y=X+B <\/em>(1)&nbsp;&nbsp;<\/p>\n\n\n\n<p><strong>2. \u00d6NEML\u0130 NOTLAR&nbsp;&nbsp;<\/strong><\/p>\n\n\n\n<p>T\u00fcm Makaleler genel olarak a\u015fa\u011f\u0131daki ana ba\u015fl\u0131klar\u0131 i\u00e7ermelidir:&nbsp;&nbsp;<\/p>\n\n\n\n<p>1. Giri\u015f&nbsp;&nbsp;<\/p>\n\n\n\n<p>2. Literat\u00fcr Ara\u015ft\u0131rmas\u0131&nbsp;&nbsp;<\/p>\n\n\n\n<p>3. Y\u00f6ntem veya Metodoloji&nbsp;&nbsp;<\/p>\n\n\n\n<p>4. \u00c7\u00f6z\u00fcm\/Bulgular&nbsp;&nbsp;<\/p>\n\n\n\n<p>5. Sonu\u00e7 ve \u00d6neriler&nbsp;&nbsp;<\/p>\n\n\n\n<p>6. Kaynaklar&nbsp;<\/p>\n\n\n\n<p>Giri\u015f b\u00f6l\u00fcm\u00fcnde ele al\u0131nan sorun\/konu net olarak tan\u0131mlanmal\u0131, \u00e7al\u0131\u015fman\u0131n \u00f6nemi ve amac\u0131 belirtilmelidir. Gerekti\u011finde&nbsp; Giri\u015f ve Literat\u00fcr Ara\u015ft\u0131rmas\u0131 ba\u015fl\u0131klar\u0131 Giri\u015f ba\u015fl\u0131\u011f\u0131 alt\u0131nda birle\u015ftirilebilir. \u00c7al\u0131\u015fmada kullan\u0131lan y\u00f6ntem(ler) ile&nbsp; \u00e7\u00f6z\u00fcm\/bulgular, sonu\u00e7lar ve gelecek \u00e7al\u0131\u015fmalar i\u00e7in \u00f6nerilerin Makale i\u00e7inde sunulmas\u0131 beklenmektedir.&nbsp;&nbsp;<\/p>\n\n\n\n<p><strong>3. B\u0130LD\u0130R\u0130 SUNUM DOSYALARI&nbsp;&nbsp;<\/strong><\/p>\n\n\n\n<p>Makale sunum dosyalar\u0131 da Makaleler i\u00e7in belirtilen i\u00e7eri\u011fe benzer s\u0131rayla haz\u0131rlanmal\u0131 ancak problemin\/konunun&nbsp; tan\u0131mlanmas\u0131, y\u00f6ntem, \u00e7\u00f6z\u00fcm\/bulgular, sonu\u00e7 ve \u00f6nerilere a\u011f\u0131rl\u0131k verilmelidir. Ayr\u0131ca, Makale sunum dosyalar\u0131, sunum&nbsp; s\u00fcresi de dikkate al\u0131narak haz\u0131rlanmal\u0131 ve slaytlar \u00e7ok yaz\u0131 i\u00e7ermemelidir.&nbsp;&nbsp;<\/p>\n\n\n\n<p><strong>4. KAYNAK D\u00dcZEN\u0130&nbsp;&nbsp;<\/strong><\/p>\n\n\n\n<p>Metin i\u00e7erisinde kullan\u0131lan kaynaklara (Yazar Soyad\u0131, Y\u0131l\u0131) \u015feklinde at\u0131fta bulunulacakt\u0131r. E\u011fer iki yazarl\u0131 ise (1.Yazar&nbsp; soyad\u0131 ve 2.Yazar soyad\u0131, Y\u0131l\u0131) \u015feklinde olacakt\u0131r. \u00dc\u00e7 ve daha fazla yazarl\u0131 ise (1.Yazar soyad\u0131 vd., Y\u0131l\u0131) \u015feklinde at\u0131fta&nbsp; bulunulacakt\u0131r. Internet kaynaklar\u0131na ise (URL1), (URL2) \u015feklinde at\u0131fta bulunulacakt\u0131r.&nbsp;&nbsp;<\/p>\n\n\n\n<p>Metin i\u00e7inde de\u011finilen ve yararlan\u0131lan kaynaklar, \u201cKaynaklar\u201d b\u00f6l\u00fcm\u00fcnde s\u0131ralanacak ve ba\u015fl\u0131k i\u00e7in 12 punto, metin i\u00e7in&nbsp; ise 10 punto karakter b\u00fcy\u00fckl\u00fckleri se\u00e7ilecektir. Kaynaklar, yazarlar\u0131n soyad\u0131 alfabetik s\u0131ras\u0131na g\u00f6re, ayn\u0131 yazar i\u00e7in&nbsp; kronolojik s\u0131rada olmak \u00fczere yazar soyad\u0131, yazar ad\u0131n\u0131n ba\u015f harfi, y\u0131l\u0131, yay\u0131nla ilgili bilgiler verilerek d\u00fczenlenecektir.&nbsp; \u0130lgili \u00f6rnekler a\u015fa\u011f\u0131da ve Kaynaklar b\u00f6l\u00fcm\u00fcnde verilmi\u015ftir:&nbsp;&nbsp;<\/p>\n\n\n\n<p>\u2219 Kaynak, e\u011fer bir makale ise; T\u00fcm yazarlar\u0131n Soyad\u0131, Ad\u0131n\u0131n ba\u015f harfi. (Y\u0131l), \u201cMakale Ba\u015fl\u0131\u011f\u0131\u201d, Dergi ad\u0131,&nbsp; Cilt(No), sayfa numaras\u0131 d\u00fczeninde ve a\u015fa\u011f\u0131daki \u00f6rnekte verildi\u011fi \u015fekilde yaz\u0131lmal\u0131d\u0131r:&nbsp;&nbsp;<\/p>\n\n\n\n<p>Aksoy, A., \u00d6zt\u00fcrk, N. (2011), \u201cSupplier Selection and Performance Evaluation in Just-in-Time Production&nbsp; Environments\u201d, Expert Systems with Applications, 38, pp.6351-6359.&nbsp;&nbsp;<\/p>\n\n\n\n<p>\u2219 Kaynak, e\u011fer bir kitap, yay\u0131mlanm\u0131\u015f ders notu vb. ise; T\u00fcm yazarlar\u0131n Soyad\u0131, Ad\u0131n\u0131n ba\u015f harfi. (Y\u0131l), Kitap&nbsp; Ba\u015fl\u0131\u011f\u0131, Bask\u0131 No, Yay\u0131nevi, Yay\u0131nland\u0131\u011f\u0131 yer d\u00fczeninde ve a\u015fa\u011f\u0131daki \u00f6rnekte verildi\u011fi \u015fekilde yaz\u0131lmal\u0131d\u0131r:&nbsp;&nbsp;<\/p>\n\n\n\n<p>Tanya\u015f, M. (2014), Tedarik Zinciri Y\u00f6netimi, 2.Bask\u0131, Nobel Yay\u0131nlar\u0131, \u0130stanbul.&nbsp;&nbsp;<\/p>\n\n\n\n<p>\u2219 Kaynak, e\u011fer bir bildiri (tam metin veya \u00f6zet), poster, seminer vb. ise; T\u00fcm yazarlar\u0131n Soyad\u0131, Ad\u0131n\u0131n ba\u015f harfi.&nbsp; (Y\u0131l), \u201cBildiri Ba\u015fl\u0131\u011f\u0131\u201d, Kongrenin Ad\u0131, Tarihi, Kongrenin yap\u0131ld\u0131\u011f\u0131 yer, sayfa numaras\u0131 d\u00fczeninde ve a\u015fa\u011f\u0131daki&nbsp; \u00f6rnekte verildi\u011fi \u015fekilde yaz\u0131lmal\u0131d\u0131r:&nbsp;&nbsp;<\/p>\n\n\n\n<p>Baki, B., Tanya\u015f, M. (2013), \u201cLojistik Hizmet Sa\u011flay\u0131c\u0131lar\u0131n Lojistik Merkeze Olan Talebinin \u0130ncelenmesi\u201d, II.&nbsp; Ulusal Lojistik ve Tedarik Zinciri Kongresi, 16-18 May\u0131s, Aksaray \u00dcniversitesi, Aksaray, ss.195-201.&nbsp;&nbsp;<\/p>\n\n\n\n<p>\u2219 Kaynak, e\u011fer bir tez ise; Yazar\u0131n Soyad\u0131, Ad\u0131n\u0131n ba\u015f harfi. (Y\u0131l), \u201cTezin Ba\u015fl\u0131\u011f\u0131\u201d, \u00dcniversite, Enstit\u00fc, B\u00f6l\u00fcm,&nbsp; YL\/Doktora Tezi, \u015eehir d\u00fczeninde ve a\u015fa\u011f\u0131daki \u00f6rnekte verildi\u011fi \u015fekilde yaz\u0131lmal\u0131d\u0131r:&nbsp;&nbsp;<\/p>\n\n\n\n<p>Baki, B. (2000), \u201cKurumsal Kaynak Planlamas\u0131 Yaz\u0131l\u0131m Se\u00e7imi\u201d, Karadeniz Teknik \u00dcniversitesi, Sosyal&nbsp; Bilimler Enstit\u00fcs\u00fc, \u0130\u015fletme B\u00f6l\u00fcm\u00fc, Doktora Tezi, Trabzon.&nbsp;&nbsp;<\/p>\n\n\n\n<p>\u2219 Kaynak, e\u011fer bir ara\u015ft\u0131rma raporu ise; T\u00fcm yazarlar\u0131n Soyad\u0131, Ad\u0131n\u0131n ba\u015f harfi. (Y\u0131l), \u201cBa\u015fl\u0131k\u201d,&nbsp; \u00dcniversite\/organizasyon, \u015eehir d\u00fczeninde ve a\u015fa\u011f\u0131daki \u00f6rnekte verildi\u011fi \u015fekilde yaz\u0131lmal\u0131d\u0131r:&nbsp;&nbsp;<\/p>\n\n\n\n<p>Tanya\u015f, M. (2016), \u201cDepo Y\u00f6netimi\u201d, Bo\u011fazi\u00e7i University, \u0130stanbul.&nbsp;&nbsp;<\/p>\n\n\n\n<p>\u2219 Kaynak, e\u011fer bir internet sitesi ya da yazar ad\u0131 olmayan bir kaynak ise, a\u015fa\u011f\u0131daki \u00f6rnekte verildi\u011fi \u015fekilde&nbsp; yaz\u0131lmal\u0131d\u0131r:&nbsp;&nbsp;<\/p>\n\n\n\n<p>URL1, Trabzon AFAD (2016), Afetlerin Nedenleri, http:\/\/www.trabzonafad.gov.tr\/admin\/files\/1- Afet%20sunum2015-20160111-141433.pdf, 29.06.2016.&nbsp;&nbsp;<\/p>\n\n\n\n<p><strong>TE\u015eEKK\u00dcR&nbsp;&nbsp;<\/strong><\/p>\n\n\n\n<p>Bu b\u00f6l\u00fcmde istenildi\u011finde bir te\u015fekk\u00fcr metnine yer verilebilir. Ana metinden farkl\u0131 olarak ba\u015fl\u0131\u011f\u0131 numaraland\u0131r\u0131lmayan&nbsp; bu b\u00f6l\u00fcmdeki karakter b\u00fcy\u00fckl\u00fckleri ba\u015fl\u0131k i\u00e7in 12 punto, metin i\u00e7in ise 10 punto al\u0131nacakt\u0131r.&nbsp;<\/p>\n\n\n\n<p><strong>KAYNAKLAR&nbsp;&nbsp;<\/strong><\/p>\n\n\n\n<p>[1] Aksoy, A., \u00d6zt\u00fcrk, N. (2011), \u201cSupplier Selection and Performance Evaluation in Just-in-Time Production&nbsp; Environments\u201d, Expert Systems with Applications, 38, pp.6351-6359.&nbsp;&nbsp;<\/p>\n\n\n\n<p>[2] Baki, B. (2000), \u201cKurumsal Kaynak Planlamas\u0131 Yaz\u0131l\u0131m Se\u00e7imi\u201d, Karadeniz Teknik \u00dcniversitesi, Sosyal Bilimler&nbsp; Enstit\u00fcs\u00fc, \u0130\u015fletme B\u00f6l\u00fcm\u00fc, Doktora Tezi, Trabzon.&nbsp;&nbsp;<\/p>\n\n\n\n<p>[3] Baki, B., Tanya\u015f, M. (2013), \u201cLojistik Hizmet Sa\u011flay\u0131c\u0131lar\u0131n Lojistik Merkeze Olan Talebinin \u0130ncelenmesi\u201d, II.&nbsp; Ulusal Lojistik ve Tedarik Zinciri Kongresi, 16-18 May\u0131s, Aksaray \u00dcniversitesi, Aksaray, ss.195-201.&nbsp;&nbsp;<\/p>\n\n\n\n<p>[4] Ene, S., K\u00fc\u00e7\u00fcko\u011flu, \u0130., Aksoy, A., \u00d6zt\u00fcrk, N. (2016), \u201cA Hybrid Metaheuristic Algorithm for the Green Vehicle&nbsp; Routing Problem with a Heterogeneous Fleet\u201d, International Journal of Vehicle Design, 71(1\/2\/3\/4), pp.75-102.&nbsp;&nbsp;<\/p>\n\n\n\n<p>[5] K\u00fc\u00e7\u00fcko\u011flu, \u0130., \u00d6zt\u00fcrk, N. (2016), \u201cIntegrated Optimization for Material Flow and Placement Problem in Cross Docking\u201d, EURO 2016, 28th European Conference on Operational Research, 3-6 July, Poznan, Poland, pp.171- 172.&nbsp;&nbsp;<\/p>\n\n\n\n<p>[6] Tanya\u015f, M. (2014), Tedarik Zinciri Y\u00f6netimi, 2.Bask\u0131, Nobel Yay\u0131nlar\u0131, \u0130stanbul.&nbsp;&nbsp;<\/p>\n\n\n\n<p>[7] Tanya\u015f, M. (2016), \u201cDepo Y\u00f6netimi\u201d, Bo\u011fazi\u00e7i University, \u0130stanbul.&nbsp;&nbsp;<\/p>\n\n\n\n<p>[8] URL1, Trabzon AFAD (2016), Afetlerin Nedenleri, http:\/\/www.trabzonafad.gov.tr\/admin\/files\/1- Afet%20sunum2015-20160111-141433.pdf, 29.06.2016.&nbsp;<\/p>\n","protected":false},"excerpt":{"rendered":"<p>MAKALE YAZIM FORMATI (MAKALE BA\u015eLI\u011eINI BURAYA YAZINIZ) Birinci Yazar1, \u0130kinci Yazar2&nbsp; 1\u00dcniversite veya Kurum \u0130smi, B\u00f6l\u00fcm \u0130smi, \u015eehir, e-posta&nbsp;&nbsp; Yazar ORCID numaras\u0131&nbsp;&nbsp; 2\u00dcniversite veya Kurum \u0130smi, B\u00f6l\u00fcm \u0130smi, \u015eehir, e-posta&nbsp;&nbsp; Yazar ORCID numaras\u0131&nbsp;&nbsp; \u00d6ZET&nbsp;&nbsp; Makalenin T\u00fcrk\u00e7e \u00f6zeti 150 kelimeyi ge\u00e7meyecek \u015fekilde, Times New Roman yaz\u0131 format\u0131nda 10 punto ve italik olarak&nbsp; yaz\u0131lacakt\u0131r. \u00d6zette \u00e7al\u0131\u015fman\u0131n amac\u0131,&hellip;&nbsp;<a href=\"https:\/\/lojistikdergisi.org\/?page_id=435\" class=\"\" rel=\"bookmark\">Daha fazlas\u0131n\u0131 oku &raquo;<span class=\"screen-reader-text\">MAKALE FORMAT \u00d6RNE\u011e\u0130<\/span><\/a><\/p>\n","protected":false},"author":1,"featured_media":0,"parent":0,"menu_order":0,"comment_status":"closed","ping_status":"closed","template":"","meta":{"neve_meta_sidebar":"full-width","neve_meta_container":"","neve_meta_enable_content_width":"on","neve_meta_content_width":100,"neve_meta_title_alignment":"","neve_meta_author_avatar":"","neve_post_elements_order":"","neve_meta_disable_header":"","neve_meta_disable_footer":"","neve_meta_disable_title":"","_ti_tpc_template_sync":false,"_ti_tpc_template_id":""},"_links":{"self":[{"href":"https:\/\/lojistikdergisi.org\/index.php?rest_route=\/wp\/v2\/pages\/435"}],"collection":[{"href":"https:\/\/lojistikdergisi.org\/index.php?rest_route=\/wp\/v2\/pages"}],"about":[{"href":"https:\/\/lojistikdergisi.org\/index.php?rest_route=\/wp\/v2\/types\/page"}],"author":[{"embeddable":true,"href":"https:\/\/lojistikdergisi.org\/index.php?rest_route=\/wp\/v2\/users\/1"}],"replies":[{"embeddable":true,"href":"https:\/\/lojistikdergisi.org\/index.php?rest_route=%2Fwp%2Fv2%2Fcomments&post=435"}],"version-history":[{"count":1,"href":"https:\/\/lojistikdergisi.org\/index.php?rest_route=\/wp\/v2\/pages\/435\/revisions"}],"predecessor-version":[{"id":436,"href":"https:\/\/lojistikdergisi.org\/index.php?rest_route=\/wp\/v2\/pages\/435\/revisions\/436"}],"wp:attachment":[{"href":"https:\/\/lojistikdergisi.org\/index.php?rest_route=%2Fwp%2Fv2%2Fmedia&parent=435"}],"curies":[{"name":"wp","href":"https:\/\/api.w.org\/{rel}","templated":true}]}}