{"id":432,"date":"2021-12-29T18:12:28","date_gmt":"2021-12-29T15:12:28","guid":{"rendered":"https:\/\/lojistikdergisi.org\/?page_id=432"},"modified":"2021-12-29T18:12:29","modified_gmt":"2021-12-29T15:12:29","slug":"yayin-kurallari","status":"publish","type":"page","link":"https:\/\/lojistikdergisi.org\/?page_id=432","title":{"rendered":"YAYIN KURALLARI"},"content":{"rendered":"\n<p><strong>YAYIN KURALLARI&nbsp;<\/strong><\/p>\n\n\n\n<p><strong>1. AMA\u00c7 ve KAPSAM&nbsp;<\/strong><\/p>\n\n\n\n<p>Lojistik Derne\u011fi\u2019nin (LODER\u2019in) yay\u0131n\u0131 olan Lojistik Dergisi\u2019nin temel amac\u0131, \u201cTedarik Zinciri Y\u00f6netimi Kapsam\u0131nda Lojistik Faaliyetlerin Etkin ve Verimli Yap\u0131lmas\u0131n\u0131 Sa\u011flamak\u201d hedefi do\u011frultusunda bilimsel ve mesleki makaleler ve yaz\u0131lar yay\u0131nlamakt\u0131r.&nbsp;&nbsp;&nbsp;<\/p>\n\n\n\n<p>Makaleler, a\u015fa\u011f\u0131daki kategorilere g\u00f6re s\u0131n\u0131fland\u0131r\u0131lmaktad\u0131r:&nbsp;<\/p>\n\n\n\n<p><strong>Davetli makaleler: <\/strong>Bu kategoride, davet edilmi\u015f&nbsp; makaleler yay\u0131nlanacakt\u0131r. Bunlar i\u00e7erdikleri konularla ilgili son geli\u015fmeleri ve konunun genel durumunu aktaran makaleler olacakt\u0131r.&nbsp;<\/p>\n\n\n\n<p><strong>Ara\u015ft\u0131rma makaleleri: <\/strong>Bu kategoride, lojistik ve tedarik zinciri alan\u0131nda \u00f6zg\u00fcn bir ara\u015ft\u0131rmadan do\u011fan geli\u015fme ve sonu\u00e7lar\u0131n yer ald\u0131\u011f\u0131 makaleler yay\u0131nlanacakt\u0131r. <strong>Yaz\u0131n taramas\u0131: <\/strong>Bu kategoride, lojistik ve tedarik zinciri alan\u0131nda de\u011fi\u015fik konularda yap\u0131lacak yaz\u0131n taramalar\u0131n\u0131n ve mevcut yaz\u0131n\u0131n sentezlerinin yer ald\u0131\u011f\u0131 makaleler yay\u0131nlanacakt\u0131r.&nbsp;<\/p>\n\n\n\n<p><strong>Vaka \u00e7al\u0131\u015fmas\u0131 makaleleri: <\/strong>Bu kategoride, lojistik ve tedarik zinciri alan\u0131nda ger\u00e7ek uygulamalar\u0131 aktaran makaleler yay\u0131nlanacakt\u0131r. Bu makalelerin, vaka \u00e7al\u0131\u015fmas\u0131n\u0131n mevcut yaz\u0131na katk\u0131s\u0131n\u0131, uygulama s\u0131ras\u0131nda kar\u015f\u0131la\u015f\u0131lan problemleri ve bunlar\u0131n nas\u0131l giderildi\u011fi konular\u0131n\u0131 \u00f6zellikle belirtmesi beklenmektedir.&nbsp;<\/p>\n\n\n\n<p><strong>2. TEL\u0130F HAKKI&nbsp;<\/strong><\/p>\n\n\n\n<p>Bir makaleyi dergide yay\u0131nlanmak \u00fczere g\u00f6ndermek, makalenin daha \u00f6nceden ba\u015fka bir yerde yay\u0131nlanmamas\u0131 ve ba\u015fka bir yere yay\u0131nlanmak \u00fczere g\u00f6nderilmemesi ko\u015fullar\u0131n\u0131 gerektirir. Yazarlar, makaleyi dergiye g\u00f6ndermekle; makalenin yay\u0131na kabul edilmesi durumunda, telif hakk\u0131n\u0131n Lojistik Derne\u011fi\u2019ne ge\u00e7ece\u011fini kabul etmi\u015f&nbsp;olurlar.&nbsp;<\/p>\n\n\n\n<p><strong>3. YAYIN S\u00dcREC\u0130&nbsp;<\/strong><\/p>\n\n\n\n<p><strong>Makale G\u00f6nderme&nbsp;<\/strong><\/p>\n\n\n\n<p>De\u011ferlendirmeye sunulan makaleler, \u201cYaz\u0131m Kurallar\u0131\u201dna uygun&nbsp; \u015fekilde haz\u0131rlanarak ve Word dok\u00fcman\u0131 olarak Edit\u00f6r Prof.Dr. G\u00fcl\u00e7in B\u00fcy\u00fck\u00f6zkan\u2019\u0131n gulcin.buyukozkan@gmail.com adresine e\u2010posta yolu ile g\u00f6nderilmelidir. Makale ile birlikte \u201cTelif Hakk\u0131 Formu\u201d da doldurulup imzalanmal\u0131 ve 0216 413 95 20 nolu faksa veya taranarak info@loder.org.tr adresine <strong>\u201c<\/strong>Lojistik Dergisi dikkatine\u201d ibaresi kullan\u0131larak g\u00f6nderilmelidir. Telif Hakk\u0131 Formu gelmeden makale de\u011ferlendirmeye al\u0131nmayacakt\u0131r. Yay\u0131n Kurallar\u0131na uygun olmayan makaleler kabul edilmeyecek ve geri g\u00f6nderilmeyecektir. Makalenin yan\u0131s\u0131ra bir adet dijital vesikal\u0131k foto\u011fraf ve k\u0131sa \u00f6zge\u00e7mi\u015f&nbsp;ile yaz\u0131n\u0131z\u0131n bas\u0131ld\u0131\u011f\u0131<\/p>\n\n\n\n<p>1&nbsp;<\/p>\n\n\n\n<p>dergiye g\u00f6ndermek \u00fczere posta adresinizin e\u2010posta yolu ile info@loder.org.tr adresine iletilmesi gerekmektedir.&nbsp;<\/p>\n\n\n\n<p><strong>De\u011ferlendirme&nbsp;<\/strong><\/p>\n\n\n\n<p>Dergiye g\u00f6nderilen b\u00fct\u00fcn makaleler, Yay\u0131n Kurulu taraf\u0131ndan olu\u015fturulan \u00f6l\u00e7\u00fctlere g\u00f6re en az iki hakem taraf\u0131ndan de\u011ferlendirilecektir. Hakemlerin ve yazarlar\u0131n isimleri gizli tutulacakt\u0131r.&nbsp;<\/p>\n\n\n\n<p><strong>D\u00fczeltme&nbsp;<\/strong><\/p>\n\n\n\n<p>Hakemler ve Yay\u0131n Kurulu de\u011ferlendirmesi sonucunda gerekli g\u00f6r\u00fclen d\u00fczeltmeler yazara bildirilecek ve d\u00fczeltmeler yap\u0131ld\u0131ktan sonra e\u011fer hakemler onay verirse makale dergide yay\u0131nlanacakt\u0131r.&nbsp;&nbsp;&nbsp;<\/p>\n\n\n\n<p><strong>4. YAZIM KURALLARI&nbsp;<\/strong><\/p>\n\n\n\n<p><strong>Genel kurallar&nbsp;<\/strong><\/p>\n\n\n\n<p>\u2219 Makaleler, T\u00fcrk\u00e7e olmal\u0131d\u0131r.&nbsp;<\/p>\n\n\n\n<p>\u2219 Makaleler bilgisayar ortam\u0131nda, MsWord Kelime&nbsp;\u0130\u015flemci kullan\u0131larak haz\u0131rlanmal\u0131d\u0131r.&nbsp;<\/p>\n\n\n\n<p><strong>Sayfa d\u00fczeni&nbsp;<\/strong><\/p>\n\n\n\n<p>\u2219 Makaleler A4 boyutunda yaz\u0131lmal\u0131d\u0131r.&nbsp;<\/p>\n\n\n\n<p>\u2219 Makale yaz\u0131m\u0131nda kullan\u0131lacak Sayfa D\u00fczeni, sayfan\u0131n sol kenar\u0131ndan 3 cm, di\u011fer kenarlar\u0131ndan 2,5 cm bo\u015fluk b\u0131rak\u0131lmal\u0131d\u0131r. Sayfalar birbirini takip edecek&nbsp;\u015fekilde arap rakamlar\u0131 ile numaraland\u0131r\u0131lmal\u0131d\u0131r.&nbsp;<\/p>\n\n\n\n<p><strong>Yaz\u0131 bi\u00e7imi&nbsp;<\/strong><\/p>\n\n\n\n<p>\u2219 Makalenin yaz\u0131m\u0131nda kullan\u0131lacak Yaz\u0131 Karakteri Times New Roman, yaz\u0131 boyutu 10 punto olmal\u0131d\u0131r. Tablo ve&nbsp;\u015fekillerde yaz\u0131 boyutu zorunlu durumlarda 8 yaz\u0131 boyutuna kadar k\u00fc\u00e7\u00fclt\u00fclebilir. Metin dik ve normal harflerle yaz\u0131l\u0131r, koyu (bold) ve italik harfler sadece ba\u015fl\u0131klarda kullan\u0131l\u0131r.&nbsp;<\/p>\n\n\n\n<p>\u2219 Makale metni 1 aral\u0131kla yaz\u0131l\u0131r. Paragraflardan \u00f6nce ve sonra bo\u015fluk b\u0131rak\u0131lmaz. \u2219 Metin tek s\u00fctun d\u00fczeninde yaz\u0131lmal\u0131d\u0131r.&nbsp;<\/p>\n\n\n\n<p>\u2219 Makale metninde tireleme yap\u0131lmaz. Paragraflar metin iki yana yasla format\u0131nda hizalan\u0131r.&nbsp;<\/p>\n\n\n\n<p><strong>Makale ba\u015fl\u0131\u011f\u0131 ve yazar adlar\u0131&nbsp;<\/strong><\/p>\n\n\n\n<p>\u2219 Makale ba\u015fl\u0131\u011f\u0131 ve yazarlar\u0131n isimleri makalenin en ba\u015f\u0131nda yer almal\u0131d\u0131r. Ba\u015fl\u0131k k\u0131sm\u0131nda ayn\u0131 zamanda yazarlar\u0131n isimleri, kurum bilgileri ve e\u2010posta adresleri bulunmal\u0131d\u0131r. Yazar say\u0131s\u0131n\u0131n birden fazla oldu\u011fu durumlarda, ileti\u015fim kurulacak yazar a\u00e7\u0131k\u00e7a belirtilmelidir. Ayr\u0131ca yazarlar\u0131n ORCID numaralar\u0131 da belirtilmelidir.&nbsp;<\/p>\n\n\n\n<p>\u2219 Makale ba\u015fl\u0131\u011f\u0131 12 yaz\u0131 boyutunda, B\u00dcY\u00dcK harflerle, koyu yaz\u0131lmal\u0131 ve sat\u0131rda ortalanmal\u0131d\u0131r. Yazar isimleri i\u00e7in yaz\u0131 bi\u00e7imi kurallar\u0131na uyulmal\u0131d\u0131r.&nbsp;<\/p>\n\n\n\n<p>\u2219 Yazar T\u00fcrk\u00e7e ba\u015fl\u0131k ile birlikte bu ba\u015fl\u0131\u011f\u0131n kar\u015f\u0131l\u0131\u011f\u0131 olan&nbsp;\u0130ngilizce ba\u015fl\u0131\u011f\u0131 vermelidir.&nbsp;<\/p>\n\n\n\n<p><strong>\u00d6zet&nbsp;<\/strong><\/p>\n\n\n\n<p>\u2219 Makale \u00f6zeti, 150 kelimeyi ge\u00e7meyecek&nbsp; \u015fekilde haz\u0131rlanmal\u0131 ve \u00e7al\u0131\u015fman\u0131n amac\u0131n\u0131 a\u00e7\u0131k\u00e7a belirtmeli ve ba\u015fl\u0131ca sonu\u00e7lar\u0131 i\u00e7ermelidir.<\/p>\n\n\n\n<p>2&nbsp;<\/p>\n\n\n\n<p>\u2219 Yazar T\u00fcrk\u00e7e \u00f6zet ile birlikte bu \u00f6zetin kar\u015f\u0131l\u0131\u011f\u0131 olan&nbsp;\u0130ngilizce \u00f6zeti ayr\u0131ca vermelidir.&nbsp;<\/p>\n\n\n\n<p><strong>Anahtar Kelimeler&nbsp;<\/strong><\/p>\n\n\n\n<p>\u2219 \u00d6zetin ard\u0131nda, makalenin temel i\u00e7eri\u011fini yans\u0131tan anahtar kelimeler listesi yer almal\u0131d\u0131r. Anahtar kelimelerin say\u0131s\u0131 be\u015fi ge\u00e7memelidir.&nbsp;<\/p>\n\n\n\n<p>\u2219 Yazar&nbsp;\u0130ngilizce anahtar kelimeleri de eklemelidir.&nbsp;<\/p>\n\n\n\n<p>Not:&nbsp;\u0130ngilizce makale ba\u015fl\u0131\u011f\u0131,&nbsp;\u0130ngilizce \u00f6zet ve&nbsp;\u0130ngilizce anahtar kelimeler; T\u00fcrk\u00e7e \u00f6zet ve anahtar kelimelerden sonra; ana metine ge\u00e7meden verilmelidir.&nbsp;<\/p>\n\n\n\n<p><strong>Ana Metin&nbsp;<\/strong><\/p>\n\n\n\n<p>\u2219 Ana metin k\u0131sm\u0131 giri\u015f, ana b\u00f6l\u00fcmler ve sonu\u00e7lar b\u00f6l\u00fcmlerini i\u00e7erir. \u2219 Ba\u015fl\u0131k ve Alt ba\u015fl\u0131klar i\u00e7in a\u015fa\u011f\u0131da \u00f6nerilen yap\u0131 kullan\u0131lmal\u0131d\u0131r. \u00dc\u00e7ten fazla ba\u015fl\u0131k seviyesi kullan\u0131lmamal\u0131d\u0131r.&nbsp;<\/p>\n\n\n\n<p><strong>1. Ana Ba\u015fl\u0131k&nbsp;<\/strong><\/p>\n\n\n\n<p><strong>1.1. <\/strong><strong><em>Alt ba\u015fl\u0131k&nbsp;<\/em><\/strong><\/p>\n\n\n\n<p>1.1.1. Alt\u2010Alt ba\u015fl\u0131k&nbsp;<\/p>\n\n\n\n<p>\u2219 Makalede ge\u00e7en tablolar,&nbsp; \u015fekiller ve form\u00fcller bilgisayar ortam\u0131nda olu\u015fturulur. Makalede yer alan t\u00fcm tablo ve&nbsp;\u015fekillere metin i\u00e7erisinde at\u0131f yap\u0131l\u0131r. Tablo ve&nbsp;\u015fekiller metin i\u00e7inde ge\u00e7i\u015f&nbsp;s\u0131ras\u0131na g\u00f6re ayr\u0131 ayr\u0131 numaraland\u0131r\u0131l\u0131r. Makale i\u00e7inde yer alan her \u015feklin numaras\u0131 ve a\u00e7\u0131klamas\u0131&nbsp; \u015feklin alt\u0131na, her tablonun numaras\u0131 ve a\u00e7\u0131klamas\u0131 tablonun \u00fcst\u00fcne yaz\u0131l\u0131r.&nbsp;<\/p>\n\n\n\n<p>\u2219 Denklemlere, metin i\u00e7inde s\u0131ra ile numara verilir. Bu numaralar denklem sat\u0131r\u0131n\u0131n en sa\u011f\u0131na parantez i\u00e7inde yaz\u0131l\u0131r. \u00d6rne\u011fin:&nbsp;<\/p>\n\n\n\n<p><img decoding=\"async\" loading=\"lazy\" src=\"https:\/\/lh3.googleusercontent.com\/nRjgsUlqQWtidSPkgv8ll-VmBwcbbw4csNo4TIe3PUaNeMSRml0EOa_0Xss9thGenUnCc5kZQP5jFZOKDr6Kp7jyBNp5Q5KfzF4B7g7WQ3sBgcWQ9tf16XGnl9uk7kT_MCrHfJoB\" width=\"183\" height=\"23\">(1)&nbsp;<\/p>\n\n\n\n<p>\u2219 Denklemlerle metin aras\u0131nda \u00fcstte 12 punto, altta 12 punto bo\u015fluk b\u0131rak\u0131l\u0131r. \u2219 Her sembol ve k\u0131saltma metinde ilk ge\u00e7ti\u011fi yerde tan\u0131mlanmal\u0131d\u0131r. \u2219 Makalelerin 10 sayfay\u0131 ge\u00e7memesine \u00f6zen g\u00f6sterilmelidir.&nbsp;<\/p>\n\n\n\n<p><strong>Kaynaklar&nbsp;<\/strong><\/p>\n\n\n\n<p>\u2219 Ana metinde kaynaklara g\u00f6nderme, yazar soyad\u0131 ve tarih belirtilerek yap\u0131lmal\u0131d\u0131r. Metin i\u00e7inde kaynak c\u00fcmlenin ba\u015flang\u0131c\u0131nda veya i\u00e7inde verilecekse, Acar (1989) \u015feklinde, kaynak c\u00fcmlenin sonunda verilecekse (Acar, 1989)&nbsp; \u015feklinde g\u00f6sterilir. Kaynak birden fazla yazara ait oldu\u011funda, yazar say\u0131s\u0131 iki ise, yazar soyadlar\u0131 Taymaz ve Price (1992)&nbsp; \u015feklinde, yazar say\u0131s\u0131 ikiden fazla ise ilk yazar\u0131n soyad\u0131 ve di\u011ferleri, Taymaz ve di\u011f. (1991)&nbsp; \u015feklinde yaz\u0131l\u0131r. Ayn\u0131 yazara ait ve ayn\u0131 y\u0131l i\u00e7inde yay\u0131nlanm\u0131\u015f yay\u0131nlar Kutlu (1994a), Kutlu (1994b)&nbsp;\u015feklinde numaraland\u0131r\u0131l\u0131r.&nbsp;<\/p>\n\n\n\n<p>\u2219 Kaynaklar listesi, Kaynaklar b\u00f6l\u00fcm\u00fcnde yazar soyad\u0131na g\u00f6re alfabetik olarak s\u0131ralanmal\u0131d\u0131r.&nbsp;<\/p>\n\n\n\n<p>\u2219 Kaynak listelerinin yaz\u0131m\u0131nda a\u015fa\u011f\u0131daki g\u00f6sterimlere uyulmal\u0131d\u0131r. <em>Kitap ve Kitap B\u00f6l\u00fcmleri i\u00e7in g\u00f6sterim;&nbsp;<\/em><\/p>\n\n\n\n<p><strong>Finnman, A. ve Myer, B<\/strong>. (1989), Essays on Thomas Mann. TCY Press. New York<strong>. <\/strong><em>Tezler i\u00e7in g\u00f6sterim;&nbsp;<\/em><\/p>\n\n\n\n<p><strong>Nelson, M.R<\/strong>.(1988), Constraints on the seismic velocity structure of the crust and upper mantle beneath the eastern Tien Shan, Central Asia, <em>PhD Thesis, <\/em>MIT, Cambridge, MA.&nbsp;&nbsp;<\/p>\n\n\n\n<p>3&nbsp;<\/p>\n\n\n\n<p><em>S\u00fcreli Dergilerdeki Makaleler i\u00e7in g\u00f6sterim&nbsp;<\/em><\/p>\n\n\n\n<p><strong>Acar, M.H. and K\u00fc\u00e7\u00fck\u00f6ner, M<\/strong>.(1997), Synthesis of block copolymers by combination of cationic and initer polymerization system, <em>Polymer<\/em>, 38, 2829\u20102833&nbsp;&nbsp;&nbsp;&nbsp;<\/p>\n\n\n\n<p><em>Akademik Konferanslarda Yay\u0131nlanm\u0131\u015f&nbsp;veya Sunulmu\u015f&nbsp;Bildiriler i\u00e7in g\u00f6sterim <\/em><strong>Smith, M., Myer, B. and Markov, C<\/strong>. (1978), Cold Fusion<em>, Proceedings of the 1<\/em><em><sup>st <\/sup><\/em><em>Cold Fusion Conference <\/em>, Moscow, USSR, September 1978, 173\u2010174 (in Russian).&nbsp;&nbsp; <em>Patentler&nbsp;<\/em><\/p>\n\n\n\n<p><strong>Sisaky, A., Golab, F. and Myer, B<\/strong>. (1989), Rust resistant potatoes, <em>United Kingdom Patent, <\/em>No: 2394783 dated 23.1.1989.&nbsp;&nbsp;&nbsp;<\/p>\n\n\n\n<p><em>Raporlar&nbsp;<\/em><\/p>\n\n\n\n<p><strong>Burke, W.F. and U\u011furta\u015f, G<\/strong>. (1974), Seismic interpretation of Thrace basin,&nbsp; &nbsp; TPAO internal report, Ankara, Turkey.&nbsp;&nbsp;&nbsp;<\/p>\n\n\n\n<p><em>Harita v.b.&nbsp;<\/em><\/p>\n\n\n\n<p><strong>IOC\u2010UNESCO <\/strong>(1981) <em>International bathymetric chart of the Mediterranean, <\/em>Scale 1:1,000,000, 10 sheets, Ministry of Defence, Leningrad.&nbsp;&nbsp;&nbsp;<\/p>\n\n\n\n<p><em>Standartlar&nbsp;<\/em><\/p>\n\n\n\n<p><strong>TS\u201040561 <\/strong>(1985), \u00c7elik yap\u0131lar\u0131n plastik teoriye g\u00f6re hesap kurallar\u0131, <em>T\u00fcrk Standartlar\u0131 Enstit\u00fcs\u00fc, <\/em>Ankara.&nbsp;&nbsp;&nbsp;<\/p>\n\n\n\n<p><em>Ki\u015fisel G\u00f6r\u00fc\u015fme&nbsp;<\/em><\/p>\n\n\n\n<p><strong>LePichon, X. <\/strong>(1997), Ki\u015fisel g\u00f6r\u00fc\u015fme.&nbsp;<\/p>\n\n\n\n<p><em>Internet&nbsp;<\/em><\/p>\n\n\n\n<p><strong>Web adresi<\/strong>, Son eri\u015fim tarihi (g\u00fcn, ay, y\u0131l).<\/p>\n\n\n\n<p>4&nbsp;<\/p>\n\n\n\n<figure class=\"wp-block-image\"><img decoding=\"async\" src=\"https:\/\/lh6.googleusercontent.com\/IjndMCMl2FHZGAaV4bBeBVfm9gJpUjn2baAX1BiKJTcS0bQnQvSI0-wuB3EVHj7SQidQrzIdKAzoS6mxoH3ZDB2MapDaETeP_EWPVk2dFp2nH9On5heDki7oVKttazWUYlIyS_3t\" alt=\"\"\/><\/figure>\n\n\n\n<figure class=\"wp-block-table\"><table><tbody><tr><td><strong>TEL\u0130F HAKKI FORMU&nbsp;<\/strong>Makale Ad\u0131 : &#8230;&#8230;&#8230;&#8230;&#8230;&#8230;&#8230;&#8230;&#8230;&#8230;&#8230;&#8230;&#8230;&#8230;&#8230;&#8230;&#8230;&#8230;&#8230;&#8230;&#8230;&#8230;&#8230;&#8230;&#8230;&#8230;&#8230;&#8230;&#8230;&#8230;&#8230;&#8230;&#8230;&#8230;&#8230;&#8230;&#8230;&#8230;&#8230;. &nbsp; &nbsp;&#8230;&#8230;&#8230;&#8230;&#8230;&#8230;&#8230;&#8230;&#8230;&#8230;&#8230;&#8230;&#8230;&#8230;&#8230;&#8230;&#8230;&#8230;&#8230;&#8230;&#8230;&#8230;&#8230;&#8230;&#8230;&#8230;&#8230;&#8230;&#8230;&#8230;&#8230;&#8230;&#8230;&#8230;&#8230;&#8230;&#8230;&#8230;&#8230;..&nbsp;&nbsp;&nbsp;Yazarlar : &#8230;&#8230;&#8230;&#8230;&#8230;&#8230;&#8230;&#8230;&#8230;&#8230;&#8230;&#8230;&#8230;&#8230;&#8230;&#8230;&#8230;&#8230;&#8230;&#8230;&#8230;&#8230;&#8230;&#8230;&#8230;&#8230;&#8230;&#8230;&#8230;&#8230;&#8230;&#8230;&#8230;&#8230;&#8230;&#8230;&#8230;&#8230;&#8230;.&nbsp;&nbsp; &nbsp; &nbsp;&#8230;&#8230;&#8230;&#8230;&#8230;&#8230;&#8230;&#8230;&#8230;&#8230;&#8230;&#8230;&#8230;&#8230;&#8230;&#8230;&#8230;&#8230;&#8230;&#8230;&#8230;&#8230;&#8230;&#8230;&#8230;&#8230;&#8230;&#8230;&#8230;&#8230;&#8230;&#8230;&#8230;&#8230;&#8230;&#8230;&#8230;&#8230;&#8230;..&nbsp;&nbsp;&nbsp;Yukar\u0131da ad\u0131 ge\u00e7en makalenin Lojistik Derne\u011fi Yay\u0131n Kurulu taraf\u0131ndan yay\u0131na kabul edilmesi durumunda, telif hakk\u0131 bu anla\u015fma ile Lojistik Derne\u011fi\u2019ne verilmektedir. Yazar\/Yazarlar makalenin kendilerine ait oldu\u011funu, daha \u00f6nceden yay\u0131nlanmad\u0131\u011f\u0131n\u0131, telif hakk\u0131n\u0131n ba\u015fka yere verilmedi\u011fini ve yay\u0131nlanmak \u00fczere ba\u015fka yerde de\u011ferlendirme s\u00fcrecinde olmad\u0131\u011f\u0131n\u0131 beyan eder. Bu \u00e7al\u0131\u015fma bir i\u015fyeri i\u00e7in yap\u0131lm\u0131\u015f&nbsp;ve yay\u0131n hakk\u0131 i\u015fverene ait ise bu form i\u015fveren taraf\u0131ndan imzalanacakt\u0131r. Makale ortak \u00e7al\u0131\u015fman\u0131n \u00fcr\u00fcn\u00fc ise, ileti\u015fimde bulunulan yazar di\u011fer yazarlar ad\u0131na bu belgeyi imzalar ve di\u011fer yazarlar\u0131 bu anla\u015fmadan haberdar etmeyi kabul eder.&nbsp;Yazar\u0131n imzas\u0131 : &#8230;&#8230;&#8230;&#8230;&#8230;&#8230;&#8230;&#8230;&#8230;&#8230;&#8230;&#8230;&#8230;&#8230;&#8230;&#8230;&#8230;&#8230;&#8230;&#8230;&#8230;&#8230;&#8230;&#8230;&#8230;&#8230;&#8230;&#8230;&#8230;&#8230;&#8230;&#8230;&#8230;&#8230;&#8230;&#8230;&#8230;&#8230;&#8230;.&nbsp;&nbsp; Yazar\u0131n ad\u0131 : &#8230;&#8230;&#8230;&#8230;&#8230;&#8230;&#8230;&#8230;&#8230;&#8230;&#8230;&#8230;&#8230;&#8230;&#8230;&#8230;&#8230;&#8230;&#8230;&#8230;&#8230;&#8230;&#8230;&#8230;&#8230;&#8230;&#8230;&#8230;&#8230;&#8230;&#8230;&#8230;&#8230;&#8230;&#8230;&#8230;&#8230;&#8230;&#8230;.&nbsp;&nbsp; Tarih : &#8230;&#8230;&#8230;&#8230;&#8230;&#8230;&#8230;&#8230;&#8230;&#8230;&#8230;&#8230;&#8230;&#8230;&#8230;&#8230;&#8230;&#8230;&#8230;&#8230;&#8230;&#8230;&#8230;&#8230;&#8230;&#8230;&#8230;&#8230;&#8230;&#8230;&#8230;&#8230;&#8230;&#8230;&#8230;&#8230;&#8230;&#8230;&#8230;.&nbsp;&nbsp;<\/td><\/tr><\/tbody><\/table><\/figure>\n\n\n\n<p>5<\/p>\n","protected":false},"excerpt":{"rendered":"<p>YAYIN KURALLARI&nbsp; 1. AMA\u00c7 ve KAPSAM&nbsp; Lojistik Derne\u011fi\u2019nin (LODER\u2019in) yay\u0131n\u0131 olan Lojistik Dergisi\u2019nin temel amac\u0131, \u201cTedarik Zinciri Y\u00f6netimi Kapsam\u0131nda Lojistik Faaliyetlerin Etkin ve Verimli Yap\u0131lmas\u0131n\u0131 Sa\u011flamak\u201d hedefi do\u011frultusunda bilimsel ve mesleki makaleler ve yaz\u0131lar yay\u0131nlamakt\u0131r.&nbsp;&nbsp;&nbsp; Makaleler, a\u015fa\u011f\u0131daki kategorilere g\u00f6re s\u0131n\u0131fland\u0131r\u0131lmaktad\u0131r:&nbsp; Davetli makaleler: Bu kategoride, davet edilmi\u015f&nbsp; makaleler yay\u0131nlanacakt\u0131r. Bunlar i\u00e7erdikleri konularla ilgili son geli\u015fmeleri ve&hellip;&nbsp;<a href=\"https:\/\/lojistikdergisi.org\/?page_id=432\" class=\"\" rel=\"bookmark\">Daha fazlas\u0131n\u0131 oku &raquo;<span class=\"screen-reader-text\">YAYIN KURALLARI<\/span><\/a><\/p>\n","protected":false},"author":1,"featured_media":0,"parent":0,"menu_order":0,"comment_status":"closed","ping_status":"closed","template":"","meta":{"neve_meta_sidebar":"full-width","neve_meta_container":"","neve_meta_enable_content_width":"on","neve_meta_content_width":100,"neve_meta_title_alignment":"","neve_meta_author_avatar":"","neve_post_elements_order":"","neve_meta_disable_header":"","neve_meta_disable_footer":"","neve_meta_disable_title":"","_ti_tpc_template_sync":false,"_ti_tpc_template_id":""},"_links":{"self":[{"href":"https:\/\/lojistikdergisi.org\/index.php?rest_route=\/wp\/v2\/pages\/432"}],"collection":[{"href":"https:\/\/lojistikdergisi.org\/index.php?rest_route=\/wp\/v2\/pages"}],"about":[{"href":"https:\/\/lojistikdergisi.org\/index.php?rest_route=\/wp\/v2\/types\/page"}],"author":[{"embeddable":true,"href":"https:\/\/lojistikdergisi.org\/index.php?rest_route=\/wp\/v2\/users\/1"}],"replies":[{"embeddable":true,"href":"https:\/\/lojistikdergisi.org\/index.php?rest_route=%2Fwp%2Fv2%2Fcomments&post=432"}],"version-history":[{"count":1,"href":"https:\/\/lojistikdergisi.org\/index.php?rest_route=\/wp\/v2\/pages\/432\/revisions"}],"predecessor-version":[{"id":433,"href":"https:\/\/lojistikdergisi.org\/index.php?rest_route=\/wp\/v2\/pages\/432\/revisions\/433"}],"wp:attachment":[{"href":"https:\/\/lojistikdergisi.org\/index.php?rest_route=%2Fwp%2Fv2%2Fmedia&parent=432"}],"curies":[{"name":"wp","href":"https:\/\/api.w.org\/{rel}","templated":true}]}}