{"id":420,"date":"2021-07-08T22:02:35","date_gmt":"2021-07-08T19:02:35","guid":{"rendered":"https:\/\/lojistikdergisi.org\/?page_id=420"},"modified":"2024-01-08T11:21:49","modified_gmt":"2024-01-08T08:21:49","slug":"basvuru","status":"publish","type":"page","link":"https:\/\/lojistikdergisi.org\/?page_id=420","title":{"rendered":"BA\u015eVURU"},"content":{"rendered":"\n<p>Yazarlar, Lojistik Dergisi i\u00e7in de\u011ferlendirilmek \u00fczere makalelerini\u00a0<strong>y\u0131l boyunca<\/strong>\u00a0ekli dosya olarak\u00a0\u00a0<a href=\"info@lojistikdergisi.org\" data-type=\"URL\" data-id=\"info@lojistikdergisi.org\" target=\"_blank\" rel=\"noreferrer noopener\"><strong>info@lojistikdergisi.org<\/strong><\/a> adresine g\u00f6nderebilirler.<\/p>\n","protected":false},"excerpt":{"rendered":"<p>Yazarlar, Lojistik Dergisi i\u00e7in de\u011ferlendirilmek \u00fczere makalelerini\u00a0y\u0131l boyunca\u00a0ekli dosya olarak\u00a0\u00a0info@lojistikdergisi.org adresine g\u00f6nderebilirler.<\/p>\n","protected":false},"author":1,"featured_media":0,"parent":0,"menu_order":0,"comment_status":"closed","ping_status":"closed","template":"","meta":{"neve_meta_sidebar":"full-width","neve_meta_container":"","neve_meta_enable_content_width":"on","neve_meta_content_width":100,"neve_meta_title_alignment":"","neve_meta_author_avatar":"","neve_post_elements_order":"","neve_meta_disable_header":"","neve_meta_disable_footer":"","neve_meta_disable_title":"","_ti_tpc_template_sync":false,"_ti_tpc_template_id":""},"_links":{"self":[{"href":"https:\/\/lojistikdergisi.org\/index.php?rest_route=\/wp\/v2\/pages\/420"}],"collection":[{"href":"https:\/\/lojistikdergisi.org\/index.php?rest_route=\/wp\/v2\/pages"}],"about":[{"href":"https:\/\/lojistikdergisi.org\/index.php?rest_route=\/wp\/v2\/types\/page"}],"author":[{"embeddable":true,"href":"https:\/\/lojistikdergisi.org\/index.php?rest_route=\/wp\/v2\/users\/1"}],"replies":[{"embeddable":true,"href":"https:\/\/lojistikdergisi.org\/index.php?rest_route=%2Fwp%2Fv2%2Fcomments&post=420"}],"version-history":[{"count":4,"href":"https:\/\/lojistikdergisi.org\/index.php?rest_route=\/wp\/v2\/pages\/420\/revisions"}],"predecessor-version":[{"id":518,"href":"https:\/\/lojistikdergisi.org\/index.php?rest_route=\/wp\/v2\/pages\/420\/revisions\/518"}],"wp:attachment":[{"href":"https:\/\/lojistikdergisi.org\/index.php?rest_route=%2Fwp%2Fv2%2Fmedia&parent=420"}],"curies":[{"name":"wp","href":"https:\/\/api.w.org\/{rel}","templated":true}]}}