{"id":322,"date":"2021-06-13T10:37:05","date_gmt":"2021-06-13T07:37:05","guid":{"rendered":"https:\/\/lojistikdergisi.org\/?page_id=322"},"modified":"2024-02-02T12:34:32","modified_gmt":"2024-02-02T09:34:32","slug":"yazim-kurallari","status":"publish","type":"page","link":"https:\/\/lojistikdergisi.org\/?page_id=322","title":{"rendered":"YAZIM KURALLARI"},"content":{"rendered":"\n<p><strong>De\u011ferli Ara\u015ft\u0131rmac\u0131lar,<\/strong><\/p>\n\n\n\n<p>Lojistik Dergisi\u2019ne makale g\u00f6ndermek i\u00e7in yaz\u0131m kurallar\u0131na ve makale format\u0131na a\u015fa\u011f\u0131daki linklerden faydalanabilir, ula\u015fabilirsiniz.<\/p>\n\n\n\n<ul>\n<li><a href=\"https:\/\/lojistikdergisi.org\/wp-content\/uploads\/2024\/02\/Lojistik-Dergisi-Yayin-Kurallari.pdf\" data-type=\"URL\" data-id=\"https:\/\/lojistikdergisi.org\/wp-content\/uploads\/2024\/02\/Lojistik-Dergisi-Yayin-Kurallari.pdf\" target=\"_blank\" rel=\"noreferrer noopener\">Lojistik Dergisi Yay\u0131n Kurallar\u0131<\/a><\/li>\n\n\n\n<li><a href=\"https:\/\/lojistikdergisi.org\/wp-content\/uploads\/2024\/02\/Yazarlar_icin_Makale_Format_Ornegi.pdf\" data-type=\"URL\" data-id=\"https:\/\/lojistikdergisi.org\/wp-content\/uploads\/2024\/02\/Yazarlar_icin_Makale_Format_Ornegi.pdf\" target=\"_blank\" rel=\"noreferrer noopener\">Lojistik Dergisi\u00a0Makale Format \u00d6rnegi<\/a><\/li>\n<\/ul>\n\n\n\n<p><strong>\u00d6NEML\u0130: Makalelerde yazarlar\u0131n ORCID bilgileri talep edilmektedir.&nbsp;<\/strong>&nbsp;ORCID, Open Researcher ve Contributor ID&#8217;nin k\u0131saltmas\u0131d\u0131r.&nbsp;&nbsp;ORCID, Uluslararas\u0131 Standart Ad Tan\u0131mlay\u0131c\u0131 (ISNI) olarak da bilinen ISO Standard\u0131 (ISO 27729) ile uyumlu 16 haneli bir numaral\u0131 bir URI&#8217;dir. L\u00fctfen&nbsp;<a href=\"https:\/\/orcid.org\/\" target=\"_blank\" rel=\"noreferrer noopener\">orcid.org<\/a>&nbsp;adresinden bireysel ORCID i\u00e7in&nbsp;<strong>\u00fccretsiz<\/strong>&nbsp;kay\u0131t olun.<\/p>\n","protected":false},"excerpt":{"rendered":"<p>De\u011ferli Ara\u015ft\u0131rmac\u0131lar, Lojistik Dergisi\u2019ne makale g\u00f6ndermek i\u00e7in yaz\u0131m kurallar\u0131na ve makale format\u0131na a\u015fa\u011f\u0131daki linklerden faydalanabilir, ula\u015fabilirsiniz. \u00d6NEML\u0130: Makalelerde yazarlar\u0131n ORCID bilgileri talep edilmektedir.&nbsp;&nbsp;ORCID, Open Researcher ve Contributor ID&#8217;nin k\u0131saltmas\u0131d\u0131r.&nbsp;&nbsp;ORCID, Uluslararas\u0131 Standart Ad Tan\u0131mlay\u0131c\u0131 (ISNI) olarak da bilinen ISO Standard\u0131 (ISO 27729) ile uyumlu 16 haneli bir numaral\u0131 bir URI&#8217;dir. L\u00fctfen&nbsp;orcid.org&nbsp;adresinden bireysel ORCID i\u00e7in&nbsp;\u00fccretsiz&nbsp;kay\u0131t olun.<\/p>\n","protected":false},"author":1,"featured_media":0,"parent":0,"menu_order":0,"comment_status":"closed","ping_status":"closed","template":"","meta":{"neve_meta_sidebar":"full-width","neve_meta_container":"","neve_meta_enable_content_width":"on","neve_meta_content_width":100,"neve_meta_title_alignment":"","neve_meta_author_avatar":"","neve_post_elements_order":"","neve_meta_disable_header":"","neve_meta_disable_footer":"","neve_meta_disable_title":"","_ti_tpc_template_sync":false,"_ti_tpc_template_id":""},"_links":{"self":[{"href":"https:\/\/lojistikdergisi.org\/index.php?rest_route=\/wp\/v2\/pages\/322"}],"collection":[{"href":"https:\/\/lojistikdergisi.org\/index.php?rest_route=\/wp\/v2\/pages"}],"about":[{"href":"https:\/\/lojistikdergisi.org\/index.php?rest_route=\/wp\/v2\/types\/page"}],"author":[{"embeddable":true,"href":"https:\/\/lojistikdergisi.org\/index.php?rest_route=\/wp\/v2\/users\/1"}],"replies":[{"embeddable":true,"href":"https:\/\/lojistikdergisi.org\/index.php?rest_route=%2Fwp%2Fv2%2Fcomments&post=322"}],"version-history":[{"count":10,"href":"https:\/\/lojistikdergisi.org\/index.php?rest_route=\/wp\/v2\/pages\/322\/revisions"}],"predecessor-version":[{"id":533,"href":"https:\/\/lojistikdergisi.org\/index.php?rest_route=\/wp\/v2\/pages\/322\/revisions\/533"}],"wp:attachment":[{"href":"https:\/\/lojistikdergisi.org\/index.php?rest_route=%2Fwp%2Fv2%2Fmedia&parent=322"}],"curies":[{"name":"wp","href":"https:\/\/api.w.org\/{rel}","templated":true}]}}