{"id":320,"date":"2021-06-13T10:36:53","date_gmt":"2021-06-13T07:36:53","guid":{"rendered":"https:\/\/lojistikdergisi.org\/?page_id=320"},"modified":"2024-01-08T10:56:14","modified_gmt":"2024-01-08T07:56:14","slug":"amac-ve-kapsam","status":"publish","type":"page","link":"https:\/\/lojistikdergisi.org\/?page_id=320","title":{"rendered":"AMA\u00c7 VE KAPSAM"},"content":{"rendered":"\n<p><strong>De\u011ferli Ara\u015ft\u0131rmac\u0131lar,<\/strong><\/p>\n\n\n\n<p>Lojistik Derne\u011fi\u2019nin (LODER\u2019in) yay\u0131n\u0131 ve hakemli bir bilimsel ara\u015ft\u0131rma dergisi olan&nbsp;<strong>Lojistik Dergisi <\/strong>2019 y\u0131l\u0131 itibari&nbsp;<strong>y\u0131lda iki say\u0131<\/strong>&nbsp;(<strong>Haziran, Aral\u0131k<\/strong>) olarak yay\u0131mlanmaktad\u0131r.<\/p>\n\n\n\n<p><strong>Lojistik Dergisi<\/strong>&nbsp;(Bas\u0131l\u0131&nbsp;ISSN: 2564-7245&nbsp; &nbsp;Elektronik&nbsp;ISSN: 2630-5704), a\u015fa\u011f\u0131daki kategorilerde&nbsp;<strong>T\u00fcrk\u00e7e&nbsp;<\/strong>dilinde yaz\u0131lm\u0131\u015f makaleleri yay\u0131nlamaktad\u0131r:<\/p>\n\n\n\n<p>&nbsp;<em>Ara\u015ft\u0131rma makaleleri:<\/em>&nbsp;Bu kategoride, lojistik ve tedarik zinciri alan\u0131nda \u00f6zg\u00fcn bir ara\u015ft\u0131rmadan do\u011fan geli\u015fme ve sonu\u00e7lar\u0131n yer ald\u0131\u011f\u0131 makaleler yay\u0131nlanacakt\u0131r.<\/p>\n\n\n\n<p>&nbsp;<em>Yaz\u0131n taramas\u0131 makaleleri:<\/em>&nbsp;Bu kategoride, lojistik ve tedarik zinciri alan\u0131nda de\u011fi\u015fik konularda yap\u0131lacak yaz\u0131n taramalar\u0131n\u0131n ve mevcut yaz\u0131n\u0131n sentezlerinin yer ald\u0131\u011f\u0131 makaleler yay\u0131nlanmaktad\u0131r.&nbsp;<\/p>\n\n\n\n<p>&nbsp;<em>Vaka \u00e7al\u0131\u015fmas\u0131 makaleleri:<\/em>&nbsp;Bu kategoride, lojistik ve tedarik zinciri alan\u0131nda ger\u00e7ek uygulamalar\u0131 aktaran makaleler yay\u0131nlanmaktad\u0131r. Bu makalelerin, vaka \u00e7al\u0131\u015fmas\u0131n\u0131n mevcut yaz\u0131na katk\u0131s\u0131n\u0131, uygulama s\u0131ras\u0131nda kar\u015f\u0131la\u015f\u0131lan problemleri ve bunlar\u0131n nas\u0131l giderildi\u011fi konular\u0131n\u0131 \u00f6zellikle belirtmesi beklenmektedir.<\/p>\n\n\n\n<p><\/p>\n","protected":false},"excerpt":{"rendered":"<p>De\u011ferli Ara\u015ft\u0131rmac\u0131lar, Lojistik Derne\u011fi\u2019nin (LODER\u2019in) yay\u0131n\u0131 ve hakemli bir bilimsel ara\u015ft\u0131rma dergisi olan&nbsp;Lojistik Dergisi 2019 y\u0131l\u0131 itibari&nbsp;y\u0131lda iki say\u0131&nbsp;(Haziran, Aral\u0131k) olarak yay\u0131mlanmaktad\u0131r. Lojistik Dergisi&nbsp;(Bas\u0131l\u0131&nbsp;ISSN: 2564-7245&nbsp; &nbsp;Elektronik&nbsp;ISSN: 2630-5704), a\u015fa\u011f\u0131daki kategorilerde&nbsp;T\u00fcrk\u00e7e&nbsp;dilinde yaz\u0131lm\u0131\u015f makaleleri yay\u0131nlamaktad\u0131r: &nbsp;Ara\u015ft\u0131rma makaleleri:&nbsp;Bu kategoride, lojistik ve tedarik zinciri alan\u0131nda \u00f6zg\u00fcn bir ara\u015ft\u0131rmadan do\u011fan geli\u015fme ve sonu\u00e7lar\u0131n yer ald\u0131\u011f\u0131 makaleler yay\u0131nlanacakt\u0131r. &nbsp;Yaz\u0131n taramas\u0131 makaleleri:&nbsp;Bu kategoride,&hellip;&nbsp;<a href=\"https:\/\/lojistikdergisi.org\/?page_id=320\" class=\"\" rel=\"bookmark\">Daha fazlas\u0131n\u0131 oku &raquo;<span class=\"screen-reader-text\">AMA\u00c7 VE KAPSAM<\/span><\/a><\/p>\n","protected":false},"author":1,"featured_media":0,"parent":0,"menu_order":0,"comment_status":"closed","ping_status":"closed","template":"","meta":{"neve_meta_sidebar":"full-width","neve_meta_container":"","neve_meta_enable_content_width":"on","neve_meta_content_width":100,"neve_meta_title_alignment":"","neve_meta_author_avatar":"","neve_post_elements_order":"","neve_meta_disable_header":"","neve_meta_disable_footer":"","neve_meta_disable_title":"","_ti_tpc_template_sync":false,"_ti_tpc_template_id":""},"_links":{"self":[{"href":"https:\/\/lojistikdergisi.org\/index.php?rest_route=\/wp\/v2\/pages\/320"}],"collection":[{"href":"https:\/\/lojistikdergisi.org\/index.php?rest_route=\/wp\/v2\/pages"}],"about":[{"href":"https:\/\/lojistikdergisi.org\/index.php?rest_route=\/wp\/v2\/types\/page"}],"author":[{"embeddable":true,"href":"https:\/\/lojistikdergisi.org\/index.php?rest_route=\/wp\/v2\/users\/1"}],"replies":[{"embeddable":true,"href":"https:\/\/lojistikdergisi.org\/index.php?rest_route=%2Fwp%2Fv2%2Fcomments&post=320"}],"version-history":[{"count":6,"href":"https:\/\/lojistikdergisi.org\/index.php?rest_route=\/wp\/v2\/pages\/320\/revisions"}],"predecessor-version":[{"id":507,"href":"https:\/\/lojistikdergisi.org\/index.php?rest_route=\/wp\/v2\/pages\/320\/revisions\/507"}],"wp:attachment":[{"href":"https:\/\/lojistikdergisi.org\/index.php?rest_route=%2Fwp%2Fv2%2Fmedia&parent=320"}],"curies":[{"name":"wp","href":"https:\/\/api.w.org\/{rel}","templated":true}]}}